{"id":26936,"date":"2025-12-18T10:15:11","date_gmt":"2025-12-18T09:15:11","guid":{"rendered":"https:\/\/www.sylvefruit.fr\/pepiniere\/?page_id=26936"},"modified":"2025-12-22T10:52:06","modified_gmt":"2025-12-22T09:52:06","slug":"bons-cadeaux","status":"publish","type":"page","link":"https:\/\/www.sylvefruit.fr\/pepiniere\/bons-cadeaux\/","title":{"rendered":"Bons cadeaux"},"content":{"rendered":"<div class=\"row\"> <div class=\"col-md-2\"><\/div>\n<div class=\"col-md-8\"><img decoding=\"async\" class=\"size-medium wp-image-26946 aligncenter\" src=\"https:\/\/www.sylvefruit.fr\/pepiniere\/wp-content\/uploads\/2025\/12\/KDO25_XX-1-300x209.jpg\" alt=\"\" width=\"300\" height=\"209\" srcset=\"https:\/\/www.sylvefruit.fr\/pepiniere\/wp-content\/uploads\/2025\/12\/KDO25_XX-1-300x209.jpg 300w, https:\/\/www.sylvefruit.fr\/pepiniere\/wp-content\/uploads\/2025\/12\/KDO25_XX-1-768x535.jpg 768w, https:\/\/www.sylvefruit.fr\/pepiniere\/wp-content\/uploads\/2025\/12\/KDO25_XX-1-600x418.jpg 600w, https:\/\/www.sylvefruit.fr\/pepiniere\/wp-content\/uploads\/2025\/12\/KDO25_XX-1-500x349.jpg 500w, https:\/\/www.sylvefruit.fr\/pepiniere\/wp-content\/uploads\/2025\/12\/KDO25_XX-1-800x558.jpg 800w, https:\/\/www.sylvefruit.fr\/pepiniere\/wp-content\/uploads\/2025\/12\/KDO25_XX-1.jpg 888w\" sizes=\"(max-width: 300px) 100vw, 300px\" \/><\/p>\n<p style=\"text-align: center;\"><em><strong>Vous souhaitez faire plaisir \u00e0 vos proches et vous ne trouvez pas d&rsquo;id\u00e9es de cadeaux ? <\/strong><\/em><\/p>\n<p style=\"text-align: center;\"><em><strong>Pourquoi ne pas offrir des arbres !<\/strong><\/em><\/p>\n<p style=\"text-align: center;\"><strong>Vous pouvez nous solliciter \u00e0 tout moment de l&rsquo;ann\u00e9e pour acheter un BON CADEAU \u00e0 la p\u00e9pini\u00e8re.\u00a0<\/strong><\/p>\n<p>&nbsp;<\/p>\n<p>Pour nous en faire la demande, rien de plus simple, voici comment proc\u00e9der :<\/p>\n<p>&nbsp;<\/p>\n<p><span style=\"color: #000000;\"><strong>\u00a0 1.\u00a0<\/strong><strong>ENVOYEZ UN MAIL SUR NOTRE ADRESSE <em>CONTACT@SYLVEFRUIT.FR<\/em><\/strong><\/span><\/p>\n<p>Les informations \u00e0 nous communiquer sont les suivantes :<\/p>\n<ul>\n<li>Le montant du bon cadeau souhait\u00e9.<\/li>\n<li>Le pr\u00e9nom et le nom du\/des b\u00e9n\u00e9ficiaire(s).<\/li>\n<li>Le pr\u00e9nom et le nom de la\/les personne(s) offrant le bon cadeau. <em>(facultatif)<\/em><\/li>\n<\/ul>\n<p>&nbsp;<\/p>\n<p><span style=\"color: #000000;\"><strong>\u00a0 2.\u00a0<\/strong><strong>NOUS VOUS R\u00c9PONDONS EN VOUS ENVOYANT LE BON CADEAU AU FORMAT <em>PDF\u00a0<\/em><\/strong><\/span><\/p>\n<p>Sur ce bon cadeau figureront les informations que vous nous aurez transmises, ainsi que la date limite de validit\u00e9. Il est utilisable dans les deux ann\u00e9es qui suivent son \u00e9mission.<\/p>\n<p>Dans notre mail de r\u00e9ponse nous vous envoyons \u00e9galement le RIB de la p\u00e9pini\u00e8re pour le r\u00e8glement du bon cadeau par virement.<\/p>\n<p>&nbsp;<\/p>\n<p><span style=\"color: #000000;\"><strong>\u00a0 3. <\/strong><strong>LE BON CADEAU EST VALIDE D\u00c8S R\u00c9CEPTION DU VIREMENT<\/strong><\/span><\/p>\n<p>Il est alors utilisable \u00e0 tout moment en saison de vente par le\/les b\u00e9n\u00e9ficiaire(s) sur tout le catalogue de la p\u00e9pini\u00e8re.<\/p>\n<p>Bon \u00e0 savoir : le bon cadeau est enregistr\u00e9 dans nos fichiers, il n&rsquo;est pas forc\u00e9ment n\u00e9cessaire de l&rsquo;imprimer.<\/p>\n<p>&nbsp;<\/p>\n<p>Pour toute demande particuli\u00e8re, n&rsquo;h\u00e9sitez pas \u00e0 nous contacter !<\/p>\n<p>&nbsp;<\/p>\n<p>\u00ab\u00a0<em> Je ne fais que planter des arbres : je sais que je suis trop vieux pour jamais pouvoir profiter ni de leurs fruits ni de leur ombre, mais je ne vois pas de meilleur moyen de m\u2019occuper de l\u2019avenir<\/em> \u00a0\u00bb (Francis Hall\u00e9, <em>La vie des arbres<\/em>)<\/p>\n<p>&nbsp;<\/p>\n<\/div>\n<div class=\"col-md-2\"><\/div>\n<\/div>\n","protected":false},"excerpt":{"rendered":"","protected":false},"author":3,"featured_media":0,"parent":0,"menu_order":0,"comment_status":"closed","ping_status":"closed","template":"","meta":{"footnotes":""},"class_list":["post-26936","page","type-page","status-publish","hentry"],"yoast_head":"<!-- This site is optimized with the Yoast SEO plugin v27.5 - https:\/\/yoast.com\/product\/yoast-seo-wordpress\/ -->\n<title>Bons cadeaux &#8212; Sylve &amp; Fruit<\/title>\n<meta name=\"description\" content=\"Vous souhaitez faire plaisir \u00e0 vos proches ? Pourquoi ne pas offrir des arbres ! La p\u00e9pini\u00e8re vous propose ses bons cadeaux.\" \/>\n<meta name=\"robots\" content=\"index, follow, max-snippet:-1, max-image-preview:large, max-video-preview:-1\" \/>\n<link rel=\"canonical\" href=\"https:\/\/www.sylvefruit.fr\/pepiniere\/bons-cadeaux\/\" \/>\n<meta property=\"og:locale\" content=\"fr_FR\" \/>\n<meta property=\"og:type\" content=\"article\" \/>\n<meta property=\"og:title\" content=\"Bons cadeaux &#8212; Sylve &amp; Fruit\" \/>\n<meta property=\"og:description\" content=\"Vous souhaitez faire plaisir \u00e0 vos proches ? Pourquoi ne pas offrir des arbres ! La p\u00e9pini\u00e8re vous propose ses bons cadeaux.\" \/>\n<meta property=\"og:url\" content=\"https:\/\/www.sylvefruit.fr\/pepiniere\/bons-cadeaux\/\" \/>\n<meta property=\"og:site_name\" content=\"Sylve &amp; Fruit\" \/>\n<meta property=\"article:publisher\" content=\"https:\/\/www.facebook.com\/sylvefruit\/\" \/>\n<meta property=\"article:modified_time\" content=\"2025-12-22T09:52:06+00:00\" \/>\n<meta property=\"og:image\" content=\"https:\/\/www.sylvefruit.fr\/pepiniere\/wp-content\/uploads\/2025\/12\/KDO25_XX-1.jpg\" \/>\n\t<meta property=\"og:image:width\" content=\"888\" \/>\n\t<meta property=\"og:image:height\" content=\"619\" \/>\n\t<meta property=\"og:image:type\" content=\"image\/jpeg\" \/>\n<meta name=\"twitter:card\" content=\"summary_large_image\" \/>\n<meta name=\"twitter:label1\" content=\"Dur\u00e9e de lecture estim\u00e9e\" \/>\n\t<meta name=\"twitter:data1\" content=\"2 minutes\" \/>\n<script type=\"application\/ld+json\" class=\"yoast-schema-graph\">{\"@context\":\"https:\\\/\\\/schema.org\",\"@graph\":[{\"@type\":\"WebPage\",\"@id\":\"https:\\\/\\\/www.sylvefruit.fr\\\/pepiniere\\\/bons-cadeaux\\\/\",\"url\":\"https:\\\/\\\/www.sylvefruit.fr\\\/pepiniere\\\/bons-cadeaux\\\/\",\"name\":\"Bons cadeaux &#8212; Sylve &amp; Fruit\",\"isPartOf\":{\"@id\":\"https:\\\/\\\/www.sylvefruit.fr\\\/pepiniere\\\/#website\"},\"primaryImageOfPage\":{\"@id\":\"https:\\\/\\\/www.sylvefruit.fr\\\/pepiniere\\\/bons-cadeaux\\\/#primaryimage\"},\"image\":{\"@id\":\"https:\\\/\\\/www.sylvefruit.fr\\\/pepiniere\\\/bons-cadeaux\\\/#primaryimage\"},\"thumbnailUrl\":\"https:\\\/\\\/www.sylvefruit.fr\\\/pepiniere\\\/wp-content\\\/uploads\\\/2025\\\/12\\\/KDO25_XX-1-300x209.jpg\",\"datePublished\":\"2025-12-18T09:15:11+00:00\",\"dateModified\":\"2025-12-22T09:52:06+00:00\",\"description\":\"Vous souhaitez faire plaisir \u00e0 vos proches ? Pourquoi ne pas offrir des arbres ! La p\u00e9pini\u00e8re vous propose ses bons cadeaux.\",\"breadcrumb\":{\"@id\":\"https:\\\/\\\/www.sylvefruit.fr\\\/pepiniere\\\/bons-cadeaux\\\/#breadcrumb\"},\"inLanguage\":\"fr-FR\",\"potentialAction\":[{\"@type\":\"ReadAction\",\"target\":[\"https:\\\/\\\/www.sylvefruit.fr\\\/pepiniere\\\/bons-cadeaux\\\/\"]}]},{\"@type\":\"ImageObject\",\"inLanguage\":\"fr-FR\",\"@id\":\"https:\\\/\\\/www.sylvefruit.fr\\\/pepiniere\\\/bons-cadeaux\\\/#primaryimage\",\"url\":\"https:\\\/\\\/www.sylvefruit.fr\\\/pepiniere\\\/wp-content\\\/uploads\\\/2025\\\/12\\\/KDO25_XX-1.jpg\",\"contentUrl\":\"https:\\\/\\\/www.sylvefruit.fr\\\/pepiniere\\\/wp-content\\\/uploads\\\/2025\\\/12\\\/KDO25_XX-1.jpg\",\"width\":888,\"height\":619},{\"@type\":\"BreadcrumbList\",\"@id\":\"https:\\\/\\\/www.sylvefruit.fr\\\/pepiniere\\\/bons-cadeaux\\\/#breadcrumb\",\"itemListElement\":[{\"@type\":\"ListItem\",\"position\":1,\"name\":\"Accueil\",\"item\":\"https:\\\/\\\/www.sylvefruit.fr\\\/pepiniere\\\/\"},{\"@type\":\"ListItem\",\"position\":2,\"name\":\"Bons cadeaux\"}]},{\"@type\":\"WebSite\",\"@id\":\"https:\\\/\\\/www.sylvefruit.fr\\\/pepiniere\\\/#website\",\"url\":\"https:\\\/\\\/www.sylvefruit.fr\\\/pepiniere\\\/\",\"name\":\"Sylve & Fruit\",\"description\":\"P\u00e9pini\u00e8re fruiti\u00e8re d&#039;altitude en Is\u00e8re\",\"publisher\":{\"@id\":\"https:\\\/\\\/www.sylvefruit.fr\\\/pepiniere\\\/#organization\"},\"potentialAction\":[{\"@type\":\"SearchAction\",\"target\":{\"@type\":\"EntryPoint\",\"urlTemplate\":\"https:\\\/\\\/www.sylvefruit.fr\\\/pepiniere\\\/?s={search_term_string}\"},\"query-input\":{\"@type\":\"PropertyValueSpecification\",\"valueRequired\":true,\"valueName\":\"search_term_string\"}}],\"inLanguage\":\"fr-FR\"},{\"@type\":\"Organization\",\"@id\":\"https:\\\/\\\/www.sylvefruit.fr\\\/pepiniere\\\/#organization\",\"name\":\"Sylve & Fruit\",\"url\":\"https:\\\/\\\/www.sylvefruit.fr\\\/pepiniere\\\/\",\"logo\":{\"@type\":\"ImageObject\",\"inLanguage\":\"fr-FR\",\"@id\":\"https:\\\/\\\/www.sylvefruit.fr\\\/pepiniere\\\/#\\\/schema\\\/logo\\\/image\\\/\",\"url\":\"https:\\\/\\\/www.sylvefruit.fr\\\/pepiniere\\\/wp-content\\\/uploads\\\/2024\\\/09\\\/logo.jpg\",\"contentUrl\":\"https:\\\/\\\/www.sylvefruit.fr\\\/pepiniere\\\/wp-content\\\/uploads\\\/2024\\\/09\\\/logo.jpg\",\"width\":1420,\"height\":324,\"caption\":\"Sylve & Fruit\"},\"image\":{\"@id\":\"https:\\\/\\\/www.sylvefruit.fr\\\/pepiniere\\\/#\\\/schema\\\/logo\\\/image\\\/\"},\"sameAs\":[\"https:\\\/\\\/www.facebook.com\\\/sylvefruit\\\/\"]}]}<\/script>\n<!-- \/ Yoast SEO plugin. -->","yoast_head_json":{"title":"Bons cadeaux &#8212; Sylve &amp; Fruit","description":"Vous souhaitez faire plaisir \u00e0 vos proches ? Pourquoi ne pas offrir des arbres ! La p\u00e9pini\u00e8re vous propose ses bons cadeaux.","robots":{"index":"index","follow":"follow","max-snippet":"max-snippet:-1","max-image-preview":"max-image-preview:large","max-video-preview":"max-video-preview:-1"},"canonical":"https:\/\/www.sylvefruit.fr\/pepiniere\/bons-cadeaux\/","og_locale":"fr_FR","og_type":"article","og_title":"Bons cadeaux &#8212; Sylve &amp; Fruit","og_description":"Vous souhaitez faire plaisir \u00e0 vos proches ? Pourquoi ne pas offrir des arbres ! La p\u00e9pini\u00e8re vous propose ses bons cadeaux.","og_url":"https:\/\/www.sylvefruit.fr\/pepiniere\/bons-cadeaux\/","og_site_name":"Sylve &amp; Fruit","article_publisher":"https:\/\/www.facebook.com\/sylvefruit\/","article_modified_time":"2025-12-22T09:52:06+00:00","og_image":[{"width":888,"height":619,"url":"https:\/\/www.sylvefruit.fr\/pepiniere\/wp-content\/uploads\/2025\/12\/KDO25_XX-1.jpg","type":"image\/jpeg"}],"twitter_card":"summary_large_image","twitter_misc":{"Dur\u00e9e de lecture estim\u00e9e":"2 minutes"},"schema":{"@context":"https:\/\/schema.org","@graph":[{"@type":"WebPage","@id":"https:\/\/www.sylvefruit.fr\/pepiniere\/bons-cadeaux\/","url":"https:\/\/www.sylvefruit.fr\/pepiniere\/bons-cadeaux\/","name":"Bons cadeaux &#8212; Sylve &amp; Fruit","isPartOf":{"@id":"https:\/\/www.sylvefruit.fr\/pepiniere\/#website"},"primaryImageOfPage":{"@id":"https:\/\/www.sylvefruit.fr\/pepiniere\/bons-cadeaux\/#primaryimage"},"image":{"@id":"https:\/\/www.sylvefruit.fr\/pepiniere\/bons-cadeaux\/#primaryimage"},"thumbnailUrl":"https:\/\/www.sylvefruit.fr\/pepiniere\/wp-content\/uploads\/2025\/12\/KDO25_XX-1-300x209.jpg","datePublished":"2025-12-18T09:15:11+00:00","dateModified":"2025-12-22T09:52:06+00:00","description":"Vous souhaitez faire plaisir \u00e0 vos proches ? Pourquoi ne pas offrir des arbres ! La p\u00e9pini\u00e8re vous propose ses bons cadeaux.","breadcrumb":{"@id":"https:\/\/www.sylvefruit.fr\/pepiniere\/bons-cadeaux\/#breadcrumb"},"inLanguage":"fr-FR","potentialAction":[{"@type":"ReadAction","target":["https:\/\/www.sylvefruit.fr\/pepiniere\/bons-cadeaux\/"]}]},{"@type":"ImageObject","inLanguage":"fr-FR","@id":"https:\/\/www.sylvefruit.fr\/pepiniere\/bons-cadeaux\/#primaryimage","url":"https:\/\/www.sylvefruit.fr\/pepiniere\/wp-content\/uploads\/2025\/12\/KDO25_XX-1.jpg","contentUrl":"https:\/\/www.sylvefruit.fr\/pepiniere\/wp-content\/uploads\/2025\/12\/KDO25_XX-1.jpg","width":888,"height":619},{"@type":"BreadcrumbList","@id":"https:\/\/www.sylvefruit.fr\/pepiniere\/bons-cadeaux\/#breadcrumb","itemListElement":[{"@type":"ListItem","position":1,"name":"Accueil","item":"https:\/\/www.sylvefruit.fr\/pepiniere\/"},{"@type":"ListItem","position":2,"name":"Bons cadeaux"}]},{"@type":"WebSite","@id":"https:\/\/www.sylvefruit.fr\/pepiniere\/#website","url":"https:\/\/www.sylvefruit.fr\/pepiniere\/","name":"Sylve & Fruit","description":"P\u00e9pini\u00e8re fruiti\u00e8re d&#039;altitude en Is\u00e8re","publisher":{"@id":"https:\/\/www.sylvefruit.fr\/pepiniere\/#organization"},"potentialAction":[{"@type":"SearchAction","target":{"@type":"EntryPoint","urlTemplate":"https:\/\/www.sylvefruit.fr\/pepiniere\/?s={search_term_string}"},"query-input":{"@type":"PropertyValueSpecification","valueRequired":true,"valueName":"search_term_string"}}],"inLanguage":"fr-FR"},{"@type":"Organization","@id":"https:\/\/www.sylvefruit.fr\/pepiniere\/#organization","name":"Sylve & Fruit","url":"https:\/\/www.sylvefruit.fr\/pepiniere\/","logo":{"@type":"ImageObject","inLanguage":"fr-FR","@id":"https:\/\/www.sylvefruit.fr\/pepiniere\/#\/schema\/logo\/image\/","url":"https:\/\/www.sylvefruit.fr\/pepiniere\/wp-content\/uploads\/2024\/09\/logo.jpg","contentUrl":"https:\/\/www.sylvefruit.fr\/pepiniere\/wp-content\/uploads\/2024\/09\/logo.jpg","width":1420,"height":324,"caption":"Sylve & Fruit"},"image":{"@id":"https:\/\/www.sylvefruit.fr\/pepiniere\/#\/schema\/logo\/image\/"},"sameAs":["https:\/\/www.facebook.com\/sylvefruit\/"]}]}},"_links":{"self":[{"href":"https:\/\/www.sylvefruit.fr\/pepiniere\/wp-json\/wp\/v2\/pages\/26936","targetHints":{"allow":["GET"]}}],"collection":[{"href":"https:\/\/www.sylvefruit.fr\/pepiniere\/wp-json\/wp\/v2\/pages"}],"about":[{"href":"https:\/\/www.sylvefruit.fr\/pepiniere\/wp-json\/wp\/v2\/types\/page"}],"author":[{"embeddable":true,"href":"https:\/\/www.sylvefruit.fr\/pepiniere\/wp-json\/wp\/v2\/users\/3"}],"replies":[{"embeddable":true,"href":"https:\/\/www.sylvefruit.fr\/pepiniere\/wp-json\/wp\/v2\/comments?post=26936"}],"version-history":[{"count":9,"href":"https:\/\/www.sylvefruit.fr\/pepiniere\/wp-json\/wp\/v2\/pages\/26936\/revisions"}],"predecessor-version":[{"id":26943,"href":"https:\/\/www.sylvefruit.fr\/pepiniere\/wp-json\/wp\/v2\/pages\/26936\/revisions\/26943"}],"wp:attachment":[{"href":"https:\/\/www.sylvefruit.fr\/pepiniere\/wp-json\/wp\/v2\/media?parent=26936"}],"curies":[{"name":"wp","href":"https:\/\/api.w.org\/{rel}","templated":true}]}}