{"id":2885,"date":"2021-10-12T16:19:56","date_gmt":"2021-10-12T14:19:56","guid":{"rendered":"https:\/\/www.sylvefruit.fr\/pepiniere\/choix-pg-varietes-copy\/"},"modified":"2026-04-01T11:05:56","modified_gmt":"2026-04-01T09:05:56","slug":"fonctionnement-des-ventes","status":"publish","type":"page","link":"https:\/\/www.sylvefruit.fr\/pepiniere\/fonctionnement-des-ventes\/","title":{"rendered":"Fonctionnement des ventes"},"content":{"rendered":"<div class=\"row\"> <div class=\"col-md-2\"><\/div>\n<div class=\"col-md-8\">\n<h3><span style=\"text-decoration: underline; color: #000000;\"><span style=\"font-size: 14pt;\"><strong>G\u00e9n\u00e9ralit\u00e9s<\/strong><\/span><\/span><\/h3>\n<ul>\n<li style=\"list-style-type: none;\">\n<ul>\n<li><span style=\"color: #ff0000;\"><strong>\u00a0 LES R\u00c9SERVATIONS D\u00c9MARRENT EN OCTOBRE.<\/strong><\/span><\/li>\n<\/ul>\n<\/li>\n<\/ul>\n<p>C&rsquo;est au<strong> 1er octobre<\/strong> que nous mettons en ligne notre nouveau catalogue pour la saison de vente qui suit. Avant cette date, nous ne prenons pas de pr\u00e9-r\u00e9servations (sauf dans les cas suivants : professionnels, ou commandes de plus de 15 arbres, ou commandes suite \u00e0 une prestation de conseil).<\/p>\n<ul>\n<li style=\"list-style-type: none;\">\n<ul>\n<li><span style=\"color: #ff0000;\"><strong>\u00a0 NOUS VENDONS NOS V\u00c9G\u00c9TAUX ENTRE NOVEMBRE ET MARS<\/strong>.<\/span><\/li>\n<\/ul>\n<\/li>\n<\/ul>\n<p>Nous produisons une grande majorit\u00e9 <strong>d&rsquo;arbres \u00e0 racines nues<\/strong>, donc la saison de vente s&rsquo;\u00e9tale <strong>de d\u00e9but novembre \u00e0 mi-mars<\/strong>, comme la saison de plantation. A partir de d\u00e9but avril, la plupart de nos v\u00e9g\u00e9taux commencent \u00e0 d\u00e9bourrer et il est g\u00e9n\u00e9ralement trop tard pour les transplanter. Avant novembre, c&rsquo;est encore trop t\u00f4t pour les d\u00e9raciner, les arbres peuvent \u00eatre encore en croissance.<\/p>\n<ul>\n<li style=\"list-style-type: none;\">\n<ul>\n<li><strong><span style=\"color: #ff0000;\">\u00a0 LA P\u00c9PINI\u00c8RE EST OUVERTE SANS RENDEZ-VOUS LES VENDREDIS ET SAMEDIS DE NOVEMBRE.<\/span><\/strong><\/li>\n<\/ul>\n<\/li>\n<\/ul>\n<p>Nous sommes \u00e0 la fois producteurs et vendeurs de v\u00e9g\u00e9taux. R\u00e9guli\u00e8rement pr\u00e9sents sur le terrain, nous devons organiser nos journ\u00e9es entre vente et production. <strong>Nous sommes ouverts sans rendez-vous les vendredis et samedis de novembre (9h-16h)<\/strong>.<\/p>\n<ul>\n<li style=\"list-style-type: none;\">\n<ul style=\"list-style-type: circle;\">\n<li><span style=\"color: #ff0000;\"><strong>\u00a0 LA P\u00c9PINI\u00c8RE EST OUVERTE SUR RENDEZ-VOUS LES AUTRES JOURS.<\/strong><\/span><\/li>\n<\/ul>\n<\/li>\n<\/ul>\n<p>Nous vous recevrons avec plaisir \u00e0 la p\u00e9pini\u00e8re sur rendez-vous. Pour nous contacter, privil\u00e9giez le contact <strong>par mail<\/strong> (<strong>contact@sylvefruit.fr) ou par le t\u00e9l\u00e9phone (04 76 34 02 39).<\/strong> Dans tous les cas nous faisons au mieux pour vous r\u00e9pondre dans un d\u00e9lai le plus bref possible.<\/p>\n<hr \/>\n<h3><span style=\"text-decoration: underline; font-size: 14pt; color: #000000;\"><strong>Les commandes<\/strong><\/span><\/h3>\n<ul>\n<li style=\"list-style-type: none;\">\n<ul>\n<li><em><strong>R\u00c9SERVATIONS VIA LA BOUTIQUE EN LIGNE :<br \/>\n<\/strong><\/em><\/li>\n<\/ul>\n<\/li>\n<\/ul>\n<p>Le site internet vous permet de pr\u00e9parer et valider un panier comme dans n&rsquo;importe quel site de vente en ligne. Les stocks sont actualis\u00e9s en temps r\u00e9el. Il s&rsquo;agit uniquement d&rsquo;une r\u00e9servation. Le paiement se fait par la suite lors de votre retrait de commande.<\/p>\n<ul>\n<li style=\"list-style-type: none;\">\n<ul>\n<li><em><strong>R\u00c9SERVATIONS PAR MAIL :<\/strong><\/em><\/li>\n<\/ul>\n<\/li>\n<\/ul>\n<p>Vous pouvez nous communiquer par mail votre demande de r\u00e9servation (<strong>contact@sylvefruit.fr<\/strong>). Nous traiterons votre demande dans les meilleurs d\u00e9lais.<\/p>\n<ul>\n<li style=\"list-style-type: none;\">\n<ul>\n<li><em><strong>R\u00c9SERVATIONS DIRECTEMENT A LA P\u00c9PINI\u00c8RE :<\/strong><\/em><\/li>\n<\/ul>\n<\/li>\n<\/ul>\n<p>Pour profiter de nos conseils pour choisir vos plants.<\/p>\n<ul>\n<li style=\"list-style-type: none;\">\n<ul>\n<li style=\"list-style-type: none;\">\n<ul>\n<li><strong>Sur rendez-vous,<\/strong><strong> dans la limite de nos disponibilit\u00e9s.<\/strong><\/li>\n<li>Vous avez \u00e9galement la possibilit\u00e9 de passer \u00e0 la p\u00e9pini\u00e8re sans rendez-vous les vendredis et samedis du mois de novembre (9h-16h).<\/li>\n<\/ul>\n<\/li>\n<\/ul>\n<\/li>\n<\/ul>\n<hr \/>\n<h3><span style=\"font-size: 14pt;\"><strong><span style=\"text-decoration: underline; color: #000000;\">Retrait des commandes<\/span><br \/>\n<\/strong><\/span><\/h3>\n<p><strong>Dans tous les cas<\/strong>, <strong>nous prenons ensuite rendez-vous avec vous<\/strong> pour que vous veniez chercher vos v\u00e9g\u00e9taux entre <strong>d\u00e9but novembre et mi-mars. <\/strong>Nous faisons notre maximum pour que vous puissiez planter d\u00e8s novembre. Nous traitons n\u00e9anmoins les commandes dans l&rsquo;ordre. Le paiement se fait en direct au retrait des plants, en ch\u00e8que ou esp\u00e8ces (pas de CB). Vos commandes rentrent g\u00e9n\u00e9ralement sans probl\u00e8me dans votre v\u00e9hicule.<\/p>\n<hr \/>\n<h5><span style=\"text-decoration: underline; color: #000000;\"><span style=\"font-size: 14pt;\"><strong>Livraisons group\u00e9es 2026\/27<\/strong><\/span><\/span><\/h5>\n<p>Nous vous proposons de livrer vos commandes sur les points de livraisons suivants :<\/p>\n<ul>\n<li><em>Suppl\u00e9ment \u00e0 pr\u00e9voir : 5 \u20ac<\/em><\/li>\n<li><em>Dates communiqu\u00e9es ult\u00e9rieurement (\u00e0 partir de novembre 2026)<\/em><\/li>\n<\/ul>\n<ul>\n<li style=\"list-style-type: none;\">\n<ul>\n<li style=\"list-style-type: none;\">\n<ul>\n<li><strong>March\u00e9 paysan MERAKI (producteurs locaux), \u00e0 Varces le mercredi (14h30-19h)<\/strong><strong><br \/>\n<\/strong><\/li>\n<li><strong>March\u00e9 d&rsquo;Uriage, le lundi (8h-12h)<br \/>\n<\/strong><\/li>\n<li><strong>March\u00e9 de La Mure, le lundi (8h-12h)<\/strong><\/li>\n<\/ul>\n<\/li>\n<\/ul>\n<\/li>\n<\/ul>\n<p>&nbsp;<\/p>\n<p>Possibilit\u00e9 de livrer pour des groupements de particuliers (nous consulter pour un devis).<\/p>\n<div class=\"hrule clearfix\"><\/div>\n<\/div>\n<div class=\"col-md-2\"><\/div>\n<\/div>\n<p><img decoding=\"async\" class=\"wp-image-562 size-full aligncenter\" src=\"https:\/\/www.sylvefruit.fr\/pepiniere\/wp-content\/uploads\/2021\/06\/BasdePage.png\" alt=\"\" width=\"974\" height=\"334\" srcset=\"https:\/\/www.sylvefruit.fr\/pepiniere\/wp-content\/uploads\/2021\/06\/BasdePage.png 974w, https:\/\/www.sylvefruit.fr\/pepiniere\/wp-content\/uploads\/2021\/06\/BasdePage-300x103.png 300w, https:\/\/www.sylvefruit.fr\/pepiniere\/wp-content\/uploads\/2021\/06\/BasdePage-768x263.png 768w, https:\/\/www.sylvefruit.fr\/pepiniere\/wp-content\/uploads\/2021\/06\/BasdePage-600x206.png 600w\" sizes=\"(max-width: 974px) 100vw, 974px\" \/><\/p>\n","protected":false},"excerpt":{"rendered":"","protected":false},"author":3,"featured_media":0,"parent":0,"menu_order":0,"comment_status":"closed","ping_status":"closed","template":"","meta":{"footnotes":""},"class_list":["post-2885","page","type-page","status-publish","hentry"],"yoast_head":"<!-- This site is optimized with the Yoast SEO plugin v27.5 - https:\/\/yoast.com\/product\/yoast-seo-wordpress\/ -->\n<title>Fonctionnement des ventes &#8212; Sylve &amp; Fruit<\/title>\n<meta name=\"description\" content=\"D\u00e9couvrez le fonctionnement de notre p\u00e9pini\u00e8re pour tout savoir sur les r\u00e9servations, ventes, retraits et livraisons de nos v\u00e9g\u00e9taux.\" \/>\n<meta name=\"robots\" content=\"index, follow, max-snippet:-1, max-image-preview:large, max-video-preview:-1\" \/>\n<link rel=\"canonical\" href=\"https:\/\/www.sylvefruit.fr\/pepiniere\/fonctionnement-des-ventes\/\" \/>\n<meta property=\"og:locale\" content=\"fr_FR\" \/>\n<meta property=\"og:type\" content=\"article\" \/>\n<meta property=\"og:title\" content=\"Fonctionnement des ventes &#8212; Sylve &amp; Fruit\" \/>\n<meta property=\"og:description\" content=\"D\u00e9couvrez le fonctionnement de notre p\u00e9pini\u00e8re pour tout savoir sur les r\u00e9servations, ventes, retraits et livraisons de nos v\u00e9g\u00e9taux.\" \/>\n<meta property=\"og:url\" content=\"https:\/\/www.sylvefruit.fr\/pepiniere\/fonctionnement-des-ventes\/\" \/>\n<meta property=\"og:site_name\" content=\"Sylve &amp; Fruit\" \/>\n<meta property=\"article:publisher\" content=\"https:\/\/www.facebook.com\/sylvefruit\/\" \/>\n<meta property=\"article:modified_time\" content=\"2026-04-01T09:05:56+00:00\" \/>\n<meta property=\"og:image\" content=\"https:\/\/www.sylvefruit.fr\/pepiniere\/wp-content\/uploads\/2021\/06\/BasdePage.png\" \/>\n\t<meta property=\"og:image:width\" content=\"974\" \/>\n\t<meta property=\"og:image:height\" content=\"334\" \/>\n\t<meta property=\"og:image:type\" content=\"image\/png\" \/>\n<meta name=\"twitter:card\" content=\"summary_large_image\" \/>\n<meta name=\"twitter:label1\" content=\"Dur\u00e9e de lecture estim\u00e9e\" \/>\n\t<meta name=\"twitter:data1\" content=\"3 minutes\" \/>\n<script type=\"application\/ld+json\" class=\"yoast-schema-graph\">{\"@context\":\"https:\\\/\\\/schema.org\",\"@graph\":[{\"@type\":\"WebPage\",\"@id\":\"https:\\\/\\\/www.sylvefruit.fr\\\/pepiniere\\\/fonctionnement-des-ventes\\\/\",\"url\":\"https:\\\/\\\/www.sylvefruit.fr\\\/pepiniere\\\/fonctionnement-des-ventes\\\/\",\"name\":\"Fonctionnement des ventes &#8212; Sylve &amp; Fruit\",\"isPartOf\":{\"@id\":\"https:\\\/\\\/www.sylvefruit.fr\\\/pepiniere\\\/#website\"},\"primaryImageOfPage\":{\"@id\":\"https:\\\/\\\/www.sylvefruit.fr\\\/pepiniere\\\/fonctionnement-des-ventes\\\/#primaryimage\"},\"image\":{\"@id\":\"https:\\\/\\\/www.sylvefruit.fr\\\/pepiniere\\\/fonctionnement-des-ventes\\\/#primaryimage\"},\"thumbnailUrl\":\"https:\\\/\\\/www.sylvefruit.fr\\\/pepiniere\\\/wp-content\\\/uploads\\\/2021\\\/06\\\/BasdePage.png\",\"datePublished\":\"2021-10-12T14:19:56+00:00\",\"dateModified\":\"2026-04-01T09:05:56+00:00\",\"description\":\"D\u00e9couvrez le fonctionnement de notre p\u00e9pini\u00e8re pour tout savoir sur les r\u00e9servations, ventes, retraits et livraisons de nos v\u00e9g\u00e9taux.\",\"breadcrumb\":{\"@id\":\"https:\\\/\\\/www.sylvefruit.fr\\\/pepiniere\\\/fonctionnement-des-ventes\\\/#breadcrumb\"},\"inLanguage\":\"fr-FR\",\"potentialAction\":[{\"@type\":\"ReadAction\",\"target\":[\"https:\\\/\\\/www.sylvefruit.fr\\\/pepiniere\\\/fonctionnement-des-ventes\\\/\"]}]},{\"@type\":\"ImageObject\",\"inLanguage\":\"fr-FR\",\"@id\":\"https:\\\/\\\/www.sylvefruit.fr\\\/pepiniere\\\/fonctionnement-des-ventes\\\/#primaryimage\",\"url\":\"https:\\\/\\\/www.sylvefruit.fr\\\/pepiniere\\\/wp-content\\\/uploads\\\/2021\\\/06\\\/BasdePage.png\",\"contentUrl\":\"https:\\\/\\\/www.sylvefruit.fr\\\/pepiniere\\\/wp-content\\\/uploads\\\/2021\\\/06\\\/BasdePage.png\",\"width\":974,\"height\":334},{\"@type\":\"BreadcrumbList\",\"@id\":\"https:\\\/\\\/www.sylvefruit.fr\\\/pepiniere\\\/fonctionnement-des-ventes\\\/#breadcrumb\",\"itemListElement\":[{\"@type\":\"ListItem\",\"position\":1,\"name\":\"Accueil\",\"item\":\"https:\\\/\\\/www.sylvefruit.fr\\\/pepiniere\\\/\"},{\"@type\":\"ListItem\",\"position\":2,\"name\":\"Fonctionnement des ventes\"}]},{\"@type\":\"WebSite\",\"@id\":\"https:\\\/\\\/www.sylvefruit.fr\\\/pepiniere\\\/#website\",\"url\":\"https:\\\/\\\/www.sylvefruit.fr\\\/pepiniere\\\/\",\"name\":\"Sylve & Fruit\",\"description\":\"P\u00e9pini\u00e8re fruiti\u00e8re d&#039;altitude en Is\u00e8re\",\"publisher\":{\"@id\":\"https:\\\/\\\/www.sylvefruit.fr\\\/pepiniere\\\/#organization\"},\"potentialAction\":[{\"@type\":\"SearchAction\",\"target\":{\"@type\":\"EntryPoint\",\"urlTemplate\":\"https:\\\/\\\/www.sylvefruit.fr\\\/pepiniere\\\/?s={search_term_string}\"},\"query-input\":{\"@type\":\"PropertyValueSpecification\",\"valueRequired\":true,\"valueName\":\"search_term_string\"}}],\"inLanguage\":\"fr-FR\"},{\"@type\":\"Organization\",\"@id\":\"https:\\\/\\\/www.sylvefruit.fr\\\/pepiniere\\\/#organization\",\"name\":\"Sylve & Fruit\",\"url\":\"https:\\\/\\\/www.sylvefruit.fr\\\/pepiniere\\\/\",\"logo\":{\"@type\":\"ImageObject\",\"inLanguage\":\"fr-FR\",\"@id\":\"https:\\\/\\\/www.sylvefruit.fr\\\/pepiniere\\\/#\\\/schema\\\/logo\\\/image\\\/\",\"url\":\"https:\\\/\\\/www.sylvefruit.fr\\\/pepiniere\\\/wp-content\\\/uploads\\\/2024\\\/09\\\/logo.jpg\",\"contentUrl\":\"https:\\\/\\\/www.sylvefruit.fr\\\/pepiniere\\\/wp-content\\\/uploads\\\/2024\\\/09\\\/logo.jpg\",\"width\":1420,\"height\":324,\"caption\":\"Sylve & Fruit\"},\"image\":{\"@id\":\"https:\\\/\\\/www.sylvefruit.fr\\\/pepiniere\\\/#\\\/schema\\\/logo\\\/image\\\/\"},\"sameAs\":[\"https:\\\/\\\/www.facebook.com\\\/sylvefruit\\\/\"]}]}<\/script>\n<!-- \/ Yoast SEO plugin. -->","yoast_head_json":{"title":"Fonctionnement des ventes &#8212; Sylve &amp; Fruit","description":"D\u00e9couvrez le fonctionnement de notre p\u00e9pini\u00e8re pour tout savoir sur les r\u00e9servations, ventes, retraits et livraisons de nos v\u00e9g\u00e9taux.","robots":{"index":"index","follow":"follow","max-snippet":"max-snippet:-1","max-image-preview":"max-image-preview:large","max-video-preview":"max-video-preview:-1"},"canonical":"https:\/\/www.sylvefruit.fr\/pepiniere\/fonctionnement-des-ventes\/","og_locale":"fr_FR","og_type":"article","og_title":"Fonctionnement des ventes &#8212; Sylve &amp; Fruit","og_description":"D\u00e9couvrez le fonctionnement de notre p\u00e9pini\u00e8re pour tout savoir sur les r\u00e9servations, ventes, retraits et livraisons de nos v\u00e9g\u00e9taux.","og_url":"https:\/\/www.sylvefruit.fr\/pepiniere\/fonctionnement-des-ventes\/","og_site_name":"Sylve &amp; Fruit","article_publisher":"https:\/\/www.facebook.com\/sylvefruit\/","article_modified_time":"2026-04-01T09:05:56+00:00","og_image":[{"width":974,"height":334,"url":"https:\/\/www.sylvefruit.fr\/pepiniere\/wp-content\/uploads\/2021\/06\/BasdePage.png","type":"image\/png"}],"twitter_card":"summary_large_image","twitter_misc":{"Dur\u00e9e de lecture estim\u00e9e":"3 minutes"},"schema":{"@context":"https:\/\/schema.org","@graph":[{"@type":"WebPage","@id":"https:\/\/www.sylvefruit.fr\/pepiniere\/fonctionnement-des-ventes\/","url":"https:\/\/www.sylvefruit.fr\/pepiniere\/fonctionnement-des-ventes\/","name":"Fonctionnement des ventes &#8212; Sylve &amp; Fruit","isPartOf":{"@id":"https:\/\/www.sylvefruit.fr\/pepiniere\/#website"},"primaryImageOfPage":{"@id":"https:\/\/www.sylvefruit.fr\/pepiniere\/fonctionnement-des-ventes\/#primaryimage"},"image":{"@id":"https:\/\/www.sylvefruit.fr\/pepiniere\/fonctionnement-des-ventes\/#primaryimage"},"thumbnailUrl":"https:\/\/www.sylvefruit.fr\/pepiniere\/wp-content\/uploads\/2021\/06\/BasdePage.png","datePublished":"2021-10-12T14:19:56+00:00","dateModified":"2026-04-01T09:05:56+00:00","description":"D\u00e9couvrez le fonctionnement de notre p\u00e9pini\u00e8re pour tout savoir sur les r\u00e9servations, ventes, retraits et livraisons de nos v\u00e9g\u00e9taux.","breadcrumb":{"@id":"https:\/\/www.sylvefruit.fr\/pepiniere\/fonctionnement-des-ventes\/#breadcrumb"},"inLanguage":"fr-FR","potentialAction":[{"@type":"ReadAction","target":["https:\/\/www.sylvefruit.fr\/pepiniere\/fonctionnement-des-ventes\/"]}]},{"@type":"ImageObject","inLanguage":"fr-FR","@id":"https:\/\/www.sylvefruit.fr\/pepiniere\/fonctionnement-des-ventes\/#primaryimage","url":"https:\/\/www.sylvefruit.fr\/pepiniere\/wp-content\/uploads\/2021\/06\/BasdePage.png","contentUrl":"https:\/\/www.sylvefruit.fr\/pepiniere\/wp-content\/uploads\/2021\/06\/BasdePage.png","width":974,"height":334},{"@type":"BreadcrumbList","@id":"https:\/\/www.sylvefruit.fr\/pepiniere\/fonctionnement-des-ventes\/#breadcrumb","itemListElement":[{"@type":"ListItem","position":1,"name":"Accueil","item":"https:\/\/www.sylvefruit.fr\/pepiniere\/"},{"@type":"ListItem","position":2,"name":"Fonctionnement des ventes"}]},{"@type":"WebSite","@id":"https:\/\/www.sylvefruit.fr\/pepiniere\/#website","url":"https:\/\/www.sylvefruit.fr\/pepiniere\/","name":"Sylve & Fruit","description":"P\u00e9pini\u00e8re fruiti\u00e8re d&#039;altitude en Is\u00e8re","publisher":{"@id":"https:\/\/www.sylvefruit.fr\/pepiniere\/#organization"},"potentialAction":[{"@type":"SearchAction","target":{"@type":"EntryPoint","urlTemplate":"https:\/\/www.sylvefruit.fr\/pepiniere\/?s={search_term_string}"},"query-input":{"@type":"PropertyValueSpecification","valueRequired":true,"valueName":"search_term_string"}}],"inLanguage":"fr-FR"},{"@type":"Organization","@id":"https:\/\/www.sylvefruit.fr\/pepiniere\/#organization","name":"Sylve & Fruit","url":"https:\/\/www.sylvefruit.fr\/pepiniere\/","logo":{"@type":"ImageObject","inLanguage":"fr-FR","@id":"https:\/\/www.sylvefruit.fr\/pepiniere\/#\/schema\/logo\/image\/","url":"https:\/\/www.sylvefruit.fr\/pepiniere\/wp-content\/uploads\/2024\/09\/logo.jpg","contentUrl":"https:\/\/www.sylvefruit.fr\/pepiniere\/wp-content\/uploads\/2024\/09\/logo.jpg","width":1420,"height":324,"caption":"Sylve & Fruit"},"image":{"@id":"https:\/\/www.sylvefruit.fr\/pepiniere\/#\/schema\/logo\/image\/"},"sameAs":["https:\/\/www.facebook.com\/sylvefruit\/"]}]}},"_links":{"self":[{"href":"https:\/\/www.sylvefruit.fr\/pepiniere\/wp-json\/wp\/v2\/pages\/2885","targetHints":{"allow":["GET"]}}],"collection":[{"href":"https:\/\/www.sylvefruit.fr\/pepiniere\/wp-json\/wp\/v2\/pages"}],"about":[{"href":"https:\/\/www.sylvefruit.fr\/pepiniere\/wp-json\/wp\/v2\/types\/page"}],"author":[{"embeddable":true,"href":"https:\/\/www.sylvefruit.fr\/pepiniere\/wp-json\/wp\/v2\/users\/3"}],"replies":[{"embeddable":true,"href":"https:\/\/www.sylvefruit.fr\/pepiniere\/wp-json\/wp\/v2\/comments?post=2885"}],"version-history":[{"count":72,"href":"https:\/\/www.sylvefruit.fr\/pepiniere\/wp-json\/wp\/v2\/pages\/2885\/revisions"}],"predecessor-version":[{"id":27134,"href":"https:\/\/www.sylvefruit.fr\/pepiniere\/wp-json\/wp\/v2\/pages\/2885\/revisions\/27134"}],"wp:attachment":[{"href":"https:\/\/www.sylvefruit.fr\/pepiniere\/wp-json\/wp\/v2\/media?parent=2885"}],"curies":[{"name":"wp","href":"https:\/\/api.w.org\/{rel}","templated":true}]}}