{"id":24407,"date":"2025-09-09T12:17:12","date_gmt":"2025-09-09T10:17:12","guid":{"rendered":"https:\/\/www.sylvefruit.fr\/pepiniere\/?post_type=product&#038;p=24407"},"modified":"2026-03-11T09:12:16","modified_gmt":"2026-03-11T08:12:16","slug":"nashi-japonais-shinseiki","status":"publish","type":"product","link":"https:\/\/www.sylvefruit.fr\/pepiniere\/produit\/nashi-japonais-shinseiki\/","title":{"rendered":"nashi japonais &lsquo;Shinseiki&rsquo;"},"content":{"rendered":"","protected":false},"excerpt":{"rendered":"<p>Pyrus pyrifolia &lsquo;Shinseiki&rsquo;&hellip; <a class=\"kt-excerpt-readmore more-link\" href=\"https:\/\/www.sylvefruit.fr\/pepiniere\/produit\/nashi-japonais-shinseiki\/\">Lire plus<\/a><\/p>\n","protected":false},"featured_media":6207,"template":"","meta":[],"product_brand":[],"product_cat":[6324],"product_tag":[4426],"class_list":{"0":"post-24407","1":"product","2":"type-product","3":"status-publish","4":"has-post-thumbnail","6":"product_cat-nashi","7":"product_tag-mellifere","9":"first","10":"instock","11":"shipping-taxable","12":"product-type-variable"},"yoast_head":"<!-- This site is optimized with the Yoast SEO plugin v27.3 - https:\/\/yoast.com\/product\/yoast-seo-wordpress\/ -->\n<title>nashi japonais &#039;Shinseiki&#039; &#8212;<\/title>\n<meta name=\"robots\" content=\"index, follow, max-snippet:-1, max-image-preview:large, max-video-preview:-1\" \/>\n<link rel=\"canonical\" href=\"https:\/\/www.sylvefruit.fr\/pepiniere\/produit\/nashi-japonais-shinseiki\/\" \/>\n<meta property=\"og:locale\" content=\"fr_FR\" \/>\n<meta property=\"og:type\" content=\"article\" \/>\n<meta property=\"og:title\" content=\"nashi japonais &#039;Shinseiki&#039; &#8212;\" \/>\n<meta property=\"og:description\" content=\"Pyrus pyrifolia &#039;Shinseiki&#039;&hellip; Lire plus\" \/>\n<meta property=\"og:url\" content=\"https:\/\/www.sylvefruit.fr\/pepiniere\/produit\/nashi-japonais-shinseiki\/\" \/>\n<meta property=\"og:site_name\" content=\"Sylve &amp; Fruit\" \/>\n<meta property=\"article:publisher\" content=\"https:\/\/www.facebook.com\/sylvefruit\/\" \/>\n<meta property=\"article:modified_time\" content=\"2026-03-11T08:12:16+00:00\" \/>\n<meta property=\"og:image\" content=\"https:\/\/www.sylvefruit.fr\/pepiniere\/wp-content\/uploads\/2022\/08\/shinseiki.jpg\" \/>\n\t<meta property=\"og:image:width\" content=\"500\" \/>\n\t<meta property=\"og:image:height\" content=\"500\" \/>\n\t<meta property=\"og:image:type\" content=\"image\/jpeg\" \/>\n<meta name=\"twitter:card\" content=\"summary_large_image\" \/>\n<script type=\"application\/ld+json\" class=\"yoast-schema-graph\">{\"@context\":\"https:\\\/\\\/schema.org\",\"@graph\":[{\"@type\":\"WebPage\",\"@id\":\"https:\\\/\\\/www.sylvefruit.fr\\\/pepiniere\\\/produit\\\/nashi-japonais-shinseiki\\\/\",\"url\":\"https:\\\/\\\/www.sylvefruit.fr\\\/pepiniere\\\/produit\\\/nashi-japonais-shinseiki\\\/\",\"name\":\"nashi japonais 'Shinseiki' &#8212;\",\"isPartOf\":{\"@id\":\"https:\\\/\\\/www.sylvefruit.fr\\\/pepiniere\\\/#website\"},\"primaryImageOfPage\":{\"@id\":\"https:\\\/\\\/www.sylvefruit.fr\\\/pepiniere\\\/produit\\\/nashi-japonais-shinseiki\\\/#primaryimage\"},\"image\":{\"@id\":\"https:\\\/\\\/www.sylvefruit.fr\\\/pepiniere\\\/produit\\\/nashi-japonais-shinseiki\\\/#primaryimage\"},\"thumbnailUrl\":\"https:\\\/\\\/www.sylvefruit.fr\\\/pepiniere\\\/wp-content\\\/uploads\\\/2022\\\/08\\\/shinseiki.jpg\",\"datePublished\":\"2025-09-09T10:17:12+00:00\",\"dateModified\":\"2026-03-11T08:12:16+00:00\",\"breadcrumb\":{\"@id\":\"https:\\\/\\\/www.sylvefruit.fr\\\/pepiniere\\\/produit\\\/nashi-japonais-shinseiki\\\/#breadcrumb\"},\"inLanguage\":\"fr-FR\",\"potentialAction\":[{\"@type\":\"ReadAction\",\"target\":[\"https:\\\/\\\/www.sylvefruit.fr\\\/pepiniere\\\/produit\\\/nashi-japonais-shinseiki\\\/\"]}]},{\"@type\":\"ImageObject\",\"inLanguage\":\"fr-FR\",\"@id\":\"https:\\\/\\\/www.sylvefruit.fr\\\/pepiniere\\\/produit\\\/nashi-japonais-shinseiki\\\/#primaryimage\",\"url\":\"https:\\\/\\\/www.sylvefruit.fr\\\/pepiniere\\\/wp-content\\\/uploads\\\/2022\\\/08\\\/shinseiki.jpg\",\"contentUrl\":\"https:\\\/\\\/www.sylvefruit.fr\\\/pepiniere\\\/wp-content\\\/uploads\\\/2022\\\/08\\\/shinseiki.jpg\",\"width\":500,\"height\":500},{\"@type\":\"BreadcrumbList\",\"@id\":\"https:\\\/\\\/www.sylvefruit.fr\\\/pepiniere\\\/produit\\\/nashi-japonais-shinseiki\\\/#breadcrumb\",\"itemListElement\":[{\"@type\":\"ListItem\",\"position\":1,\"name\":\"Accueil\",\"item\":\"https:\\\/\\\/www.sylvefruit.fr\\\/pepiniere\\\/\"},{\"@type\":\"ListItem\",\"position\":2,\"name\":\"Catalogue Sylve &#038; Fruit\",\"item\":\"https:\\\/\\\/www.sylvefruit.fr\\\/pepiniere\\\/catalogue-sylve-fruit\\\/\"},{\"@type\":\"ListItem\",\"position\":3,\"name\":\"nashi japonais &lsquo;Shinseiki&rsquo;\"}]},{\"@type\":\"WebSite\",\"@id\":\"https:\\\/\\\/www.sylvefruit.fr\\\/pepiniere\\\/#website\",\"url\":\"https:\\\/\\\/www.sylvefruit.fr\\\/pepiniere\\\/\",\"name\":\"Sylve & Fruit\",\"description\":\"P\u00e9pini\u00e8re fruiti\u00e8re d&#039;altitude en Is\u00e8re\",\"publisher\":{\"@id\":\"https:\\\/\\\/www.sylvefruit.fr\\\/pepiniere\\\/#organization\"},\"potentialAction\":[{\"@type\":\"SearchAction\",\"target\":{\"@type\":\"EntryPoint\",\"urlTemplate\":\"https:\\\/\\\/www.sylvefruit.fr\\\/pepiniere\\\/?s={search_term_string}\"},\"query-input\":{\"@type\":\"PropertyValueSpecification\",\"valueRequired\":true,\"valueName\":\"search_term_string\"}}],\"inLanguage\":\"fr-FR\"},{\"@type\":\"Organization\",\"@id\":\"https:\\\/\\\/www.sylvefruit.fr\\\/pepiniere\\\/#organization\",\"name\":\"Sylve & Fruit\",\"url\":\"https:\\\/\\\/www.sylvefruit.fr\\\/pepiniere\\\/\",\"logo\":{\"@type\":\"ImageObject\",\"inLanguage\":\"fr-FR\",\"@id\":\"https:\\\/\\\/www.sylvefruit.fr\\\/pepiniere\\\/#\\\/schema\\\/logo\\\/image\\\/\",\"url\":\"https:\\\/\\\/www.sylvefruit.fr\\\/pepiniere\\\/wp-content\\\/uploads\\\/2024\\\/09\\\/logo.jpg\",\"contentUrl\":\"https:\\\/\\\/www.sylvefruit.fr\\\/pepiniere\\\/wp-content\\\/uploads\\\/2024\\\/09\\\/logo.jpg\",\"width\":1420,\"height\":324,\"caption\":\"Sylve & Fruit\"},\"image\":{\"@id\":\"https:\\\/\\\/www.sylvefruit.fr\\\/pepiniere\\\/#\\\/schema\\\/logo\\\/image\\\/\"},\"sameAs\":[\"https:\\\/\\\/www.facebook.com\\\/sylvefruit\\\/\"]}]}<\/script>\n<!-- \/ Yoast SEO plugin. -->","yoast_head_json":{"title":"nashi japonais 'Shinseiki' &#8212;","robots":{"index":"index","follow":"follow","max-snippet":"max-snippet:-1","max-image-preview":"max-image-preview:large","max-video-preview":"max-video-preview:-1"},"canonical":"https:\/\/www.sylvefruit.fr\/pepiniere\/produit\/nashi-japonais-shinseiki\/","og_locale":"fr_FR","og_type":"article","og_title":"nashi japonais 'Shinseiki' &#8212;","og_description":"Pyrus pyrifolia 'Shinseiki'&hellip; Lire plus","og_url":"https:\/\/www.sylvefruit.fr\/pepiniere\/produit\/nashi-japonais-shinseiki\/","og_site_name":"Sylve &amp; Fruit","article_publisher":"https:\/\/www.facebook.com\/sylvefruit\/","article_modified_time":"2026-03-11T08:12:16+00:00","og_image":[{"width":500,"height":500,"url":"https:\/\/www.sylvefruit.fr\/pepiniere\/wp-content\/uploads\/2022\/08\/shinseiki.jpg","type":"image\/jpeg"}],"twitter_card":"summary_large_image","schema":{"@context":"https:\/\/schema.org","@graph":[{"@type":"WebPage","@id":"https:\/\/www.sylvefruit.fr\/pepiniere\/produit\/nashi-japonais-shinseiki\/","url":"https:\/\/www.sylvefruit.fr\/pepiniere\/produit\/nashi-japonais-shinseiki\/","name":"nashi japonais 'Shinseiki' &#8212;","isPartOf":{"@id":"https:\/\/www.sylvefruit.fr\/pepiniere\/#website"},"primaryImageOfPage":{"@id":"https:\/\/www.sylvefruit.fr\/pepiniere\/produit\/nashi-japonais-shinseiki\/#primaryimage"},"image":{"@id":"https:\/\/www.sylvefruit.fr\/pepiniere\/produit\/nashi-japonais-shinseiki\/#primaryimage"},"thumbnailUrl":"https:\/\/www.sylvefruit.fr\/pepiniere\/wp-content\/uploads\/2022\/08\/shinseiki.jpg","datePublished":"2025-09-09T10:17:12+00:00","dateModified":"2026-03-11T08:12:16+00:00","breadcrumb":{"@id":"https:\/\/www.sylvefruit.fr\/pepiniere\/produit\/nashi-japonais-shinseiki\/#breadcrumb"},"inLanguage":"fr-FR","potentialAction":[{"@type":"ReadAction","target":["https:\/\/www.sylvefruit.fr\/pepiniere\/produit\/nashi-japonais-shinseiki\/"]}]},{"@type":"ImageObject","inLanguage":"fr-FR","@id":"https:\/\/www.sylvefruit.fr\/pepiniere\/produit\/nashi-japonais-shinseiki\/#primaryimage","url":"https:\/\/www.sylvefruit.fr\/pepiniere\/wp-content\/uploads\/2022\/08\/shinseiki.jpg","contentUrl":"https:\/\/www.sylvefruit.fr\/pepiniere\/wp-content\/uploads\/2022\/08\/shinseiki.jpg","width":500,"height":500},{"@type":"BreadcrumbList","@id":"https:\/\/www.sylvefruit.fr\/pepiniere\/produit\/nashi-japonais-shinseiki\/#breadcrumb","itemListElement":[{"@type":"ListItem","position":1,"name":"Accueil","item":"https:\/\/www.sylvefruit.fr\/pepiniere\/"},{"@type":"ListItem","position":2,"name":"Catalogue Sylve &#038; Fruit","item":"https:\/\/www.sylvefruit.fr\/pepiniere\/catalogue-sylve-fruit\/"},{"@type":"ListItem","position":3,"name":"nashi japonais &lsquo;Shinseiki&rsquo;"}]},{"@type":"WebSite","@id":"https:\/\/www.sylvefruit.fr\/pepiniere\/#website","url":"https:\/\/www.sylvefruit.fr\/pepiniere\/","name":"Sylve & Fruit","description":"P\u00e9pini\u00e8re fruiti\u00e8re d&#039;altitude en Is\u00e8re","publisher":{"@id":"https:\/\/www.sylvefruit.fr\/pepiniere\/#organization"},"potentialAction":[{"@type":"SearchAction","target":{"@type":"EntryPoint","urlTemplate":"https:\/\/www.sylvefruit.fr\/pepiniere\/?s={search_term_string}"},"query-input":{"@type":"PropertyValueSpecification","valueRequired":true,"valueName":"search_term_string"}}],"inLanguage":"fr-FR"},{"@type":"Organization","@id":"https:\/\/www.sylvefruit.fr\/pepiniere\/#organization","name":"Sylve & Fruit","url":"https:\/\/www.sylvefruit.fr\/pepiniere\/","logo":{"@type":"ImageObject","inLanguage":"fr-FR","@id":"https:\/\/www.sylvefruit.fr\/pepiniere\/#\/schema\/logo\/image\/","url":"https:\/\/www.sylvefruit.fr\/pepiniere\/wp-content\/uploads\/2024\/09\/logo.jpg","contentUrl":"https:\/\/www.sylvefruit.fr\/pepiniere\/wp-content\/uploads\/2024\/09\/logo.jpg","width":1420,"height":324,"caption":"Sylve & Fruit"},"image":{"@id":"https:\/\/www.sylvefruit.fr\/pepiniere\/#\/schema\/logo\/image\/"},"sameAs":["https:\/\/www.facebook.com\/sylvefruit\/"]}]}},"_links":{"self":[{"href":"https:\/\/www.sylvefruit.fr\/pepiniere\/wp-json\/wp\/v2\/product\/24407","targetHints":{"allow":["GET"]}}],"collection":[{"href":"https:\/\/www.sylvefruit.fr\/pepiniere\/wp-json\/wp\/v2\/product"}],"about":[{"href":"https:\/\/www.sylvefruit.fr\/pepiniere\/wp-json\/wp\/v2\/types\/product"}],"wp:featuredmedia":[{"embeddable":true,"href":"https:\/\/www.sylvefruit.fr\/pepiniere\/wp-json\/wp\/v2\/media\/6207"}],"wp:attachment":[{"href":"https:\/\/www.sylvefruit.fr\/pepiniere\/wp-json\/wp\/v2\/media?parent=24407"}],"wp:term":[{"taxonomy":"product_brand","embeddable":true,"href":"https:\/\/www.sylvefruit.fr\/pepiniere\/wp-json\/wp\/v2\/product_brand?post=24407"},{"taxonomy":"product_cat","embeddable":true,"href":"https:\/\/www.sylvefruit.fr\/pepiniere\/wp-json\/wp\/v2\/product_cat?post=24407"},{"taxonomy":"product_tag","embeddable":true,"href":"https:\/\/www.sylvefruit.fr\/pepiniere\/wp-json\/wp\/v2\/product_tag?post=24407"}],"curies":[{"name":"wp","href":"https:\/\/api.w.org\/{rel}","templated":true}]}}