{"id":24436,"date":"2025-09-09T12:17:27","date_gmt":"2025-09-09T10:17:27","guid":{"rendered":"https:\/\/www.sylvefruit.fr\/pepiniere\/?post_type=product&#038;p=24436"},"modified":"2026-03-11T09:12:31","modified_gmt":"2026-03-11T08:12:31","slug":"noisetier-commun-longue-despagne","status":"publish","type":"product","link":"https:\/\/www.sylvefruit.fr\/pepiniere\/produit\/noisetier-commun-longue-despagne\/","title":{"rendered":"noisetier commun &lsquo;Longue d&rsquo;Espagne&rsquo;"},"content":{"rendered":"","protected":false},"excerpt":{"rendered":"<p>corylus avelana &lsquo;Longue d&rsquo;Espagne&rsquo;&hellip; <a class=\"kt-excerpt-readmore more-link\" href=\"https:\/\/www.sylvefruit.fr\/pepiniere\/produit\/noisetier-commun-longue-despagne\/\">Lire plus<\/a><\/p>\n","protected":false},"featured_media":9335,"template":"","meta":[],"product_brand":[],"product_cat":[11057,11054],"product_tag":[11092,4426],"class_list":{"0":"post-24436","1":"product","2":"type-product","3":"status-publish","4":"has-post-thumbnail","6":"product_cat-noisetier","7":"product_cat-toutes-les-plantes-de-haie","8":"product_tag-comestible","9":"product_tag-mellifere","11":"first","12":"instock","13":"shipping-taxable","14":"product-type-variable"},"yoast_head":"<!-- This site is optimized with the Yoast SEO plugin v27.6 - https:\/\/yoast.com\/product\/yoast-seo-wordpress\/ -->\n<title>noisetier commun &#039;Longue d&#039;Espagne&#039; &#8212;<\/title>\n<meta name=\"robots\" content=\"index, follow, max-snippet:-1, max-image-preview:large, max-video-preview:-1\" \/>\n<link rel=\"canonical\" href=\"https:\/\/www.sylvefruit.fr\/pepiniere\/produit\/noisetier-commun-longue-despagne\/\" \/>\n<meta property=\"og:locale\" content=\"fr_FR\" \/>\n<meta property=\"og:type\" content=\"article\" \/>\n<meta property=\"og:title\" content=\"noisetier commun &#039;Longue d&#039;Espagne&#039; &#8212;\" \/>\n<meta property=\"og:description\" content=\"corylus avelana &#039;Longue d&#039;Espagne&#039;&hellip; Lire plus\" \/>\n<meta property=\"og:url\" content=\"https:\/\/www.sylvefruit.fr\/pepiniere\/produit\/noisetier-commun-longue-despagne\/\" \/>\n<meta property=\"og:site_name\" content=\"Sylve &amp; Fruit\" \/>\n<meta property=\"article:publisher\" content=\"https:\/\/www.facebook.com\/sylvefruit\/\" \/>\n<meta property=\"article:modified_time\" content=\"2026-03-11T08:12:31+00:00\" \/>\n<meta property=\"og:image\" content=\"https:\/\/www.sylvefruit.fr\/pepiniere\/wp-content\/uploads\/2022\/09\/longue-despagne.jpg\" \/>\n\t<meta property=\"og:image:width\" content=\"300\" \/>\n\t<meta property=\"og:image:height\" content=\"300\" \/>\n\t<meta property=\"og:image:type\" content=\"image\/jpeg\" \/>\n<meta name=\"twitter:card\" content=\"summary_large_image\" \/>\n<script type=\"application\/ld+json\" class=\"yoast-schema-graph\">{\"@context\":\"https:\\\/\\\/schema.org\",\"@graph\":[{\"@type\":\"WebPage\",\"@id\":\"https:\\\/\\\/www.sylvefruit.fr\\\/pepiniere\\\/produit\\\/noisetier-commun-longue-despagne\\\/\",\"url\":\"https:\\\/\\\/www.sylvefruit.fr\\\/pepiniere\\\/produit\\\/noisetier-commun-longue-despagne\\\/\",\"name\":\"noisetier commun 'Longue d'Espagne' &#8212;\",\"isPartOf\":{\"@id\":\"https:\\\/\\\/www.sylvefruit.fr\\\/pepiniere\\\/#website\"},\"primaryImageOfPage\":{\"@id\":\"https:\\\/\\\/www.sylvefruit.fr\\\/pepiniere\\\/produit\\\/noisetier-commun-longue-despagne\\\/#primaryimage\"},\"image\":{\"@id\":\"https:\\\/\\\/www.sylvefruit.fr\\\/pepiniere\\\/produit\\\/noisetier-commun-longue-despagne\\\/#primaryimage\"},\"thumbnailUrl\":\"https:\\\/\\\/www.sylvefruit.fr\\\/pepiniere\\\/wp-content\\\/uploads\\\/2022\\\/09\\\/longue-despagne.jpg\",\"datePublished\":\"2025-09-09T10:17:27+00:00\",\"dateModified\":\"2026-03-11T08:12:31+00:00\",\"breadcrumb\":{\"@id\":\"https:\\\/\\\/www.sylvefruit.fr\\\/pepiniere\\\/produit\\\/noisetier-commun-longue-despagne\\\/#breadcrumb\"},\"inLanguage\":\"fr-FR\",\"potentialAction\":[{\"@type\":\"ReadAction\",\"target\":[\"https:\\\/\\\/www.sylvefruit.fr\\\/pepiniere\\\/produit\\\/noisetier-commun-longue-despagne\\\/\"]}]},{\"@type\":\"ImageObject\",\"inLanguage\":\"fr-FR\",\"@id\":\"https:\\\/\\\/www.sylvefruit.fr\\\/pepiniere\\\/produit\\\/noisetier-commun-longue-despagne\\\/#primaryimage\",\"url\":\"https:\\\/\\\/www.sylvefruit.fr\\\/pepiniere\\\/wp-content\\\/uploads\\\/2022\\\/09\\\/longue-despagne.jpg\",\"contentUrl\":\"https:\\\/\\\/www.sylvefruit.fr\\\/pepiniere\\\/wp-content\\\/uploads\\\/2022\\\/09\\\/longue-despagne.jpg\",\"width\":300,\"height\":300},{\"@type\":\"BreadcrumbList\",\"@id\":\"https:\\\/\\\/www.sylvefruit.fr\\\/pepiniere\\\/produit\\\/noisetier-commun-longue-despagne\\\/#breadcrumb\",\"itemListElement\":[{\"@type\":\"ListItem\",\"position\":1,\"name\":\"Accueil\",\"item\":\"https:\\\/\\\/www.sylvefruit.fr\\\/pepiniere\\\/\"},{\"@type\":\"ListItem\",\"position\":2,\"name\":\"Catalogue Sylve &#038; Fruit\",\"item\":\"https:\\\/\\\/www.sylvefruit.fr\\\/pepiniere\\\/catalogue-sylve-fruit\\\/\"},{\"@type\":\"ListItem\",\"position\":3,\"name\":\"noisetier commun &lsquo;Longue d&rsquo;Espagne&rsquo;\"}]},{\"@type\":\"WebSite\",\"@id\":\"https:\\\/\\\/www.sylvefruit.fr\\\/pepiniere\\\/#website\",\"url\":\"https:\\\/\\\/www.sylvefruit.fr\\\/pepiniere\\\/\",\"name\":\"Sylve & Fruit\",\"description\":\"P\u00e9pini\u00e8re fruiti\u00e8re d&#039;altitude en Is\u00e8re\",\"publisher\":{\"@id\":\"https:\\\/\\\/www.sylvefruit.fr\\\/pepiniere\\\/#organization\"},\"potentialAction\":[{\"@type\":\"SearchAction\",\"target\":{\"@type\":\"EntryPoint\",\"urlTemplate\":\"https:\\\/\\\/www.sylvefruit.fr\\\/pepiniere\\\/?s={search_term_string}\"},\"query-input\":{\"@type\":\"PropertyValueSpecification\",\"valueRequired\":true,\"valueName\":\"search_term_string\"}}],\"inLanguage\":\"fr-FR\"},{\"@type\":\"Organization\",\"@id\":\"https:\\\/\\\/www.sylvefruit.fr\\\/pepiniere\\\/#organization\",\"name\":\"Sylve & Fruit\",\"url\":\"https:\\\/\\\/www.sylvefruit.fr\\\/pepiniere\\\/\",\"logo\":{\"@type\":\"ImageObject\",\"inLanguage\":\"fr-FR\",\"@id\":\"https:\\\/\\\/www.sylvefruit.fr\\\/pepiniere\\\/#\\\/schema\\\/logo\\\/image\\\/\",\"url\":\"https:\\\/\\\/www.sylvefruit.fr\\\/pepiniere\\\/wp-content\\\/uploads\\\/2024\\\/09\\\/logo.jpg\",\"contentUrl\":\"https:\\\/\\\/www.sylvefruit.fr\\\/pepiniere\\\/wp-content\\\/uploads\\\/2024\\\/09\\\/logo.jpg\",\"width\":1420,\"height\":324,\"caption\":\"Sylve & Fruit\"},\"image\":{\"@id\":\"https:\\\/\\\/www.sylvefruit.fr\\\/pepiniere\\\/#\\\/schema\\\/logo\\\/image\\\/\"},\"sameAs\":[\"https:\\\/\\\/www.facebook.com\\\/sylvefruit\\\/\"]}]}<\/script>\n<!-- \/ Yoast SEO plugin. -->","yoast_head_json":{"title":"noisetier commun 'Longue d'Espagne' &#8212;","robots":{"index":"index","follow":"follow","max-snippet":"max-snippet:-1","max-image-preview":"max-image-preview:large","max-video-preview":"max-video-preview:-1"},"canonical":"https:\/\/www.sylvefruit.fr\/pepiniere\/produit\/noisetier-commun-longue-despagne\/","og_locale":"fr_FR","og_type":"article","og_title":"noisetier commun 'Longue d'Espagne' &#8212;","og_description":"corylus avelana 'Longue d'Espagne'&hellip; Lire plus","og_url":"https:\/\/www.sylvefruit.fr\/pepiniere\/produit\/noisetier-commun-longue-despagne\/","og_site_name":"Sylve &amp; Fruit","article_publisher":"https:\/\/www.facebook.com\/sylvefruit\/","article_modified_time":"2026-03-11T08:12:31+00:00","og_image":[{"width":300,"height":300,"url":"https:\/\/www.sylvefruit.fr\/pepiniere\/wp-content\/uploads\/2022\/09\/longue-despagne.jpg","type":"image\/jpeg"}],"twitter_card":"summary_large_image","schema":{"@context":"https:\/\/schema.org","@graph":[{"@type":"WebPage","@id":"https:\/\/www.sylvefruit.fr\/pepiniere\/produit\/noisetier-commun-longue-despagne\/","url":"https:\/\/www.sylvefruit.fr\/pepiniere\/produit\/noisetier-commun-longue-despagne\/","name":"noisetier commun 'Longue d'Espagne' &#8212;","isPartOf":{"@id":"https:\/\/www.sylvefruit.fr\/pepiniere\/#website"},"primaryImageOfPage":{"@id":"https:\/\/www.sylvefruit.fr\/pepiniere\/produit\/noisetier-commun-longue-despagne\/#primaryimage"},"image":{"@id":"https:\/\/www.sylvefruit.fr\/pepiniere\/produit\/noisetier-commun-longue-despagne\/#primaryimage"},"thumbnailUrl":"https:\/\/www.sylvefruit.fr\/pepiniere\/wp-content\/uploads\/2022\/09\/longue-despagne.jpg","datePublished":"2025-09-09T10:17:27+00:00","dateModified":"2026-03-11T08:12:31+00:00","breadcrumb":{"@id":"https:\/\/www.sylvefruit.fr\/pepiniere\/produit\/noisetier-commun-longue-despagne\/#breadcrumb"},"inLanguage":"fr-FR","potentialAction":[{"@type":"ReadAction","target":["https:\/\/www.sylvefruit.fr\/pepiniere\/produit\/noisetier-commun-longue-despagne\/"]}]},{"@type":"ImageObject","inLanguage":"fr-FR","@id":"https:\/\/www.sylvefruit.fr\/pepiniere\/produit\/noisetier-commun-longue-despagne\/#primaryimage","url":"https:\/\/www.sylvefruit.fr\/pepiniere\/wp-content\/uploads\/2022\/09\/longue-despagne.jpg","contentUrl":"https:\/\/www.sylvefruit.fr\/pepiniere\/wp-content\/uploads\/2022\/09\/longue-despagne.jpg","width":300,"height":300},{"@type":"BreadcrumbList","@id":"https:\/\/www.sylvefruit.fr\/pepiniere\/produit\/noisetier-commun-longue-despagne\/#breadcrumb","itemListElement":[{"@type":"ListItem","position":1,"name":"Accueil","item":"https:\/\/www.sylvefruit.fr\/pepiniere\/"},{"@type":"ListItem","position":2,"name":"Catalogue Sylve &#038; Fruit","item":"https:\/\/www.sylvefruit.fr\/pepiniere\/catalogue-sylve-fruit\/"},{"@type":"ListItem","position":3,"name":"noisetier commun &lsquo;Longue d&rsquo;Espagne&rsquo;"}]},{"@type":"WebSite","@id":"https:\/\/www.sylvefruit.fr\/pepiniere\/#website","url":"https:\/\/www.sylvefruit.fr\/pepiniere\/","name":"Sylve & Fruit","description":"P\u00e9pini\u00e8re fruiti\u00e8re d&#039;altitude en Is\u00e8re","publisher":{"@id":"https:\/\/www.sylvefruit.fr\/pepiniere\/#organization"},"potentialAction":[{"@type":"SearchAction","target":{"@type":"EntryPoint","urlTemplate":"https:\/\/www.sylvefruit.fr\/pepiniere\/?s={search_term_string}"},"query-input":{"@type":"PropertyValueSpecification","valueRequired":true,"valueName":"search_term_string"}}],"inLanguage":"fr-FR"},{"@type":"Organization","@id":"https:\/\/www.sylvefruit.fr\/pepiniere\/#organization","name":"Sylve & Fruit","url":"https:\/\/www.sylvefruit.fr\/pepiniere\/","logo":{"@type":"ImageObject","inLanguage":"fr-FR","@id":"https:\/\/www.sylvefruit.fr\/pepiniere\/#\/schema\/logo\/image\/","url":"https:\/\/www.sylvefruit.fr\/pepiniere\/wp-content\/uploads\/2024\/09\/logo.jpg","contentUrl":"https:\/\/www.sylvefruit.fr\/pepiniere\/wp-content\/uploads\/2024\/09\/logo.jpg","width":1420,"height":324,"caption":"Sylve & Fruit"},"image":{"@id":"https:\/\/www.sylvefruit.fr\/pepiniere\/#\/schema\/logo\/image\/"},"sameAs":["https:\/\/www.facebook.com\/sylvefruit\/"]}]}},"_links":{"self":[{"href":"https:\/\/www.sylvefruit.fr\/pepiniere\/wp-json\/wp\/v2\/product\/24436","targetHints":{"allow":["GET"]}}],"collection":[{"href":"https:\/\/www.sylvefruit.fr\/pepiniere\/wp-json\/wp\/v2\/product"}],"about":[{"href":"https:\/\/www.sylvefruit.fr\/pepiniere\/wp-json\/wp\/v2\/types\/product"}],"wp:featuredmedia":[{"embeddable":true,"href":"https:\/\/www.sylvefruit.fr\/pepiniere\/wp-json\/wp\/v2\/media\/9335"}],"wp:attachment":[{"href":"https:\/\/www.sylvefruit.fr\/pepiniere\/wp-json\/wp\/v2\/media?parent=24436"}],"wp:term":[{"taxonomy":"product_brand","embeddable":true,"href":"https:\/\/www.sylvefruit.fr\/pepiniere\/wp-json\/wp\/v2\/product_brand?post=24436"},{"taxonomy":"product_cat","embeddable":true,"href":"https:\/\/www.sylvefruit.fr\/pepiniere\/wp-json\/wp\/v2\/product_cat?post=24436"},{"taxonomy":"product_tag","embeddable":true,"href":"https:\/\/www.sylvefruit.fr\/pepiniere\/wp-json\/wp\/v2\/product_tag?post=24436"}],"curies":[{"name":"wp","href":"https:\/\/api.w.org\/{rel}","templated":true}]}}